{"id":34,"date":"2012-10-29T15:12:08","date_gmt":"2012-10-29T13:12:08","guid":{"rendered":"http:\/\/www.angelika-gossmann.at\/ag\/?page_id=34"},"modified":"2024-06-06T19:43:07","modified_gmt":"2024-06-06T17:43:07","slug":"uber-mich","status":"publish","type":"page","link":"http:\/\/www.angelika-gossmann.at\/ag\/uber-mich\/","title":{"rendered":"\u00dcber mich"},"content":{"rendered":"<p><img loading=\"lazy\" decoding=\"async\" class=\"alignnone  wp-image-227\" src=\"http:\/\/www.angelika-gossmann.at\/ag\/wp-content\/uploads\/2012\/10\/Angelika2014.jpeg\" alt=\"Angelika2014\" width=\"166\" height=\"204\" \/><\/p>\n<p>1975 in Eisenstadt geboren, Verheiratet, 2 T\u00f6chter<\/p>\n<h2><\/h2>\n<h2><span style=\"color: #008000;\"><strong>Ausbildung<\/strong>:<\/span><\/h2>\n<ul>\n<li>Klinische- und Gesundheitspsychologin beim Berufsverband \u00f6sterreichischer PsychologInnen<\/li>\n<li>Studium der Psychologie an der Hauptuniversit\u00e4t Wien<\/li>\n<li>Ausbildung zur Sozialp\u00e4dagogin am BISOP Baden<\/li>\n<\/ul>\n<h2><\/h2>\n<h2><span style=\"color: #008000;\"><strong>Weiterbildung<\/strong>:<\/span><\/h2>\n<ul>\n<li>Kinder- Familien und Jugendpsychologie beim Berufsverband \u00f6sterreichischer PsychologInnen<\/li>\n<li>Zert. Zaubertherapeutin \u00ae (Annalisa Neumeyer)<\/li>\n<li>Zert. Ego-State Therapeutin (MEGA Wien)<\/li>\n<li>Zert. Therapiebegleithundeteam (THL Neud\u00f6rfl)<\/li>\n<li>Klinische Hypnose (MEGA Wien)<\/li>\n<li>Entspannungstraining<\/li>\n<\/ul>\n<p><a href=\"http:\/\/www.angelika-gossmann.at\/ag\/wp-content\/uploads\/2024\/06\/IMG_2211.jpg\"><img loading=\"lazy\" decoding=\"async\" class=\"alignnone size-full wp-image-300\" src=\"http:\/\/www.angelika-gossmann.at\/ag\/wp-content\/uploads\/2024\/06\/IMG_2211.jpg\" alt=\"\" width=\"250\" height=\"188\" \/><\/a><\/p>\n","protected":false},"excerpt":{"rendered":"<p>1975 in Eisenstadt geboren, Verheiratet, 2 T\u00f6chter Ausbildung: Klinische- und Gesundheitspsychologin beim Berufsverband \u00f6sterreichischer PsychologInnen Studium der Psychologie an der Hauptuniversit\u00e4t Wien Ausbildung zur Sozialp\u00e4dagogin am BISOP Baden Weiterbildung: Kinder- Familien und Jugendpsychologie beim Berufsverband \u00f6sterreichischer PsychologInnen Zert. Zaubertherapeutin \u00ae &hellip; <a href=\"http:\/\/www.angelika-gossmann.at\/ag\/uber-mich\/\">Weiterlesen <span class=\"meta-nav\">&rarr;<\/span><\/a><\/p>\n","protected":false},"author":2,"featured_media":0,"parent":0,"menu_order":0,"comment_status":"closed","ping_status":"closed","template":"full-width-page.php","meta":{"footnotes":""},"_links":{"self":[{"href":"http:\/\/www.angelika-gossmann.at\/ag\/wp-json\/wp\/v2\/pages\/34"}],"collection":[{"href":"http:\/\/www.angelika-gossmann.at\/ag\/wp-json\/wp\/v2\/pages"}],"about":[{"href":"http:\/\/www.angelika-gossmann.at\/ag\/wp-json\/wp\/v2\/types\/page"}],"author":[{"embeddable":true,"href":"http:\/\/www.angelika-gossmann.at\/ag\/wp-json\/wp\/v2\/users\/2"}],"replies":[{"embeddable":true,"href":"http:\/\/www.angelika-gossmann.at\/ag\/wp-json\/wp\/v2\/comments?post=34"}],"version-history":[{"count":38,"href":"http:\/\/www.angelika-gossmann.at\/ag\/wp-json\/wp\/v2\/pages\/34\/revisions"}],"predecessor-version":[{"id":301,"href":"http:\/\/www.angelika-gossmann.at\/ag\/wp-json\/wp\/v2\/pages\/34\/revisions\/301"}],"wp:attachment":[{"href":"http:\/\/www.angelika-gossmann.at\/ag\/wp-json\/wp\/v2\/media?parent=34"}],"curies":[{"name":"wp","href":"https:\/\/api.w.org\/{rel}","templated":true}]}}